{"id":516,"date":"2025-09-29T09:36:56","date_gmt":"2025-09-29T07:36:56","guid":{"rendered":"https:\/\/c-l-u-s.fr\/?page_id=516"},"modified":"2026-02-11T15:15:13","modified_gmt":"2026-02-11T14:15:13","slug":"vie-de-lassociation","status":"publish","type":"page","link":"https:\/\/c-l-u-s.fr\/?page_id=516","title":{"rendered":"Vie de l&rsquo;association"},"content":{"rendered":"\n<h2 class=\"wp-block-heading\">GT th\u00e9matiques<\/h2>\n\n\n\n<p><strong>Services aux publics<\/strong><\/p>\n\n\n\n<p>13\/05<br>Recensement, concertation et priorisation des demandes d&rsquo;am\u00e9lioration aupr\u00e8s de Dot Beyond concernant le module \u00ab\u00a0Services\u00a0\u00bb de SebinaNEXT<\/p>\n\n\n\n<p><strong>Interfaces publiques<\/strong><\/p>\n\n\n\n<p>\u00c0 venir<\/p>\n\n\n\n<p><strong>Statistiques<\/strong><\/p>\n\n\n\n<p>09\/10\/2025<br>Recensement, concertation et priorisation des demandes d&rsquo;am\u00e9lioration aupr\u00e8s de Dot Beyond concernant le module \u00ab\u00a0G\u00e9n\u00e9rateur de rapports et statistiques\u00a0\u00bb de SebinaNEXT<\/p>\n\n\n\n<p><strong>Ressources \u00e9lectroniques<\/strong><\/p>\n\n\n\n<p>\u00c0 venir<\/p>\n\n\n\n<p><strong>Donn\u00e9es et Collections<\/strong><\/p>\n\n\n\n<p>\u00c0 venir<\/p>\n\n\n\n<h2 class=\"wp-block-heading\"><strong>GT Clubs utilisateurs des donn\u00e9es de l&rsquo;Abes<\/strong><\/h2>\n\n\n\n<p>19\/10\/2023<br>Premi\u00e8re r\u00e9union de l&rsquo;Abes avec les clubs d&rsquo;utilisateurs des 7 SGB les plus repr\u00e9sent\u00e9s dans le r\u00e9seau.<\/p>\n\n\n\n<p>18\/01\/2024<br>Synchronisation d\u2019exemplaires physiques 1<\/p>\n\n\n\n<p>16\/04\/2024<br>Synchronisation d\u2019exemplaires physiques 2<\/p>\n\n\n\n<p>23\/10\/2024<br>Service de synchronisation augment\u00e9e<\/p>\n\n\n\n<p>17\/09\/2025<br>R\u00e9union 1 du cycle 2025-2026 : recueil des besoins quant aux modalit\u00e9s de r\u00e9cup\u00e9ration des donn\u00e9es (bibliographiques, autorit\u00e9s, exemplaires, bouquets) du futur syst\u00e8me de l&rsquo;Abes par les syst\u00e8mes de chaque \u00e9tablissement<\/p>\n\n\n\n<p>12\/02\/2026<br>R\u00e9union 2 du cycle 2025-2026<\/p>\n\n\n\n<p><\/p>\n\n\n\n<p><\/p>\n","protected":false},"excerpt":{"rendered":"<p>GT th\u00e9matiques Services aux publics 13\/05Recensement, concertation et priorisation des demandes d&rsquo;am\u00e9lioration aupr\u00e8s de Dot Beyond concernant le module \u00ab\u00a0Services\u00a0\u00bb [&hellip;]<\/p>\n","protected":false},"author":1,"featured_media":0,"parent":0,"menu_order":0,"comment_status":"closed","ping_status":"closed","template":"","meta":{"_uag_custom_page_level_css":"","site-sidebar-layout":"default","site-content-layout":"","ast-site-content-layout":"default","site-content-style":"default","site-sidebar-style":"default","ast-global-header-display":"","ast-banner-title-visibility":"","ast-main-header-display":"","ast-hfb-above-header-display":"","ast-hfb-below-header-display":"","ast-hfb-mobile-header-display":"","site-post-title":"","ast-breadcrumbs-content":"","ast-featured-img":"","footer-sml-layout":"","theme-transparent-header-meta":"","adv-header-id-meta":"","stick-header-meta":"","header-above-stick-meta":"","header-main-stick-meta":"","header-below-stick-meta":"","astra-migrate-meta-layouts":"default","ast-page-background-enabled":"default","ast-page-background-meta":{"desktop":{"background-color":"var(--ast-global-color-5)","background-image":"","background-repeat":"repeat","background-position":"center center","background-size":"auto","background-attachment":"scroll","background-type":"","background-media":"","overlay-type":"","overlay-color":"","overlay-opacity":"","overlay-gradient":""},"tablet":{"background-color":"","background-image":"","background-repeat":"repeat","background-position":"center center","background-size":"auto","background-attachment":"scroll","background-type":"","background-media":"","overlay-type":"","overlay-color":"","overlay-opacity":"","overlay-gradient":""},"mobile":{"background-color":"","background-image":"","background-repeat":"repeat","background-position":"center center","background-size":"auto","background-attachment":"scroll","background-type":"","background-media":"","overlay-type":"","overlay-color":"","overlay-opacity":"","overlay-gradient":""}},"ast-content-background-meta":{"desktop":{"background-color":"var(--ast-global-color-4)","background-image":"","background-repeat":"repeat","background-position":"center center","background-size":"auto","background-attachment":"scroll","background-type":"","background-media":"","overlay-type":"","overlay-color":"","overlay-opacity":"","overlay-gradient":""},"tablet":{"background-color":"var(--ast-global-color-4)","background-image":"","background-repeat":"repeat","background-position":"center center","background-size":"auto","background-attachment":"scroll","background-type":"","background-media":"","overlay-type":"","overlay-color":"","overlay-opacity":"","overlay-gradient":""},"mobile":{"background-color":"var(--ast-global-color-4)","background-image":"","background-repeat":"repeat","background-position":"center center","background-size":"auto","background-attachment":"scroll","background-type":"","background-media":"","overlay-type":"","overlay-color":"","overlay-opacity":"","overlay-gradient":""}},"_themeisle_gutenberg_block_has_review":false,"footnotes":""},"class_list":["post-516","page","type-page","status-publish","hentry"],"uagb_featured_image_src":{"full":false,"thumbnail":false,"medium":false,"medium_large":false,"large":false,"1536x1536":false,"2048x2048":false},"uagb_author_info":{"display_name":"Christopher Oustlant","author_link":"https:\/\/c-l-u-s.fr\/?author=1"},"uagb_comment_info":0,"uagb_excerpt":"GT th\u00e9matiques Services aux publics 13\/05Recensement, concertation et priorisation des demandes d&rsquo;am\u00e9lioration aupr\u00e8s de Dot Beyond concernant le module \u00ab\u00a0Services\u00a0\u00bb [&hellip;]","jetpack_sharing_enabled":true,"_links":{"self":[{"href":"https:\/\/c-l-u-s.fr\/index.php?rest_route=\/wp\/v2\/pages\/516","targetHints":{"allow":["GET"]}}],"collection":[{"href":"https:\/\/c-l-u-s.fr\/index.php?rest_route=\/wp\/v2\/pages"}],"about":[{"href":"https:\/\/c-l-u-s.fr\/index.php?rest_route=\/wp\/v2\/types\/page"}],"author":[{"embeddable":true,"href":"https:\/\/c-l-u-s.fr\/index.php?rest_route=\/wp\/v2\/users\/1"}],"replies":[{"embeddable":true,"href":"https:\/\/c-l-u-s.fr\/index.php?rest_route=%2Fwp%2Fv2%2Fcomments&post=516"}],"version-history":[{"count":6,"href":"https:\/\/c-l-u-s.fr\/index.php?rest_route=\/wp\/v2\/pages\/516\/revisions"}],"predecessor-version":[{"id":539,"href":"https:\/\/c-l-u-s.fr\/index.php?rest_route=\/wp\/v2\/pages\/516\/revisions\/539"}],"wp:attachment":[{"href":"https:\/\/c-l-u-s.fr\/index.php?rest_route=%2Fwp%2Fv2%2Fmedia&parent=516"}],"curies":[{"name":"wp","href":"https:\/\/api.w.org\/{rel}","templated":true}]}}