{"id":41,"date":"2025-02-19T14:56:39","date_gmt":"2025-02-19T13:56:39","guid":{"rendered":"http:\/\/c-l-u-s.fr\/?page_id=41"},"modified":"2025-03-06T13:08:29","modified_gmt":"2025-03-06T12:08:29","slug":"statuts","status":"publish","type":"page","link":"https:\/\/c-l-u-s.fr\/?page_id=41","title":{"rendered":"Statuts"},"content":{"rendered":"\n<h2 class=\"wp-block-heading\">Article 1<sup>er<\/sup> : Constitution et d\u00e9nomination<\/h2>\n\n\n\n<p>Il est fond\u00e9 entre les adh\u00e9rents aux pr\u00e9sents statuts une association r\u00e9gie par la loi du 1er juillet 1901 et le d\u00e9cret du 16 ao\u00fbt 1901 d\u00e9nomm\u00e9e Club Utilisateurs de Sebina (CLUS), regroupant les utilisateurs francophones des progiciels de la soci\u00e9t\u00e9 DM Cultura ou g\u00e9r\u00e9s par elle.<br>Le si\u00e8ge social est fix\u00e9 au Service Commun de la Documentation de l\u2019Universit\u00e9 Polytechnique Hauts-de-France. Il pourra \u00eatre transf\u00e9r\u00e9 par d\u00e9cision du Conseil d\u2019administration.<\/p>\n\n\n\n<hr class=\"wp-block-separator has-alpha-channel-opacity is-style-wide\"\/>\n\n\n\n<h2 class=\"wp-block-heading\">Article 2 : Objet<\/h2>\n\n\n\n<p>Cette association a notamment pour objet de :<\/p>\n\n\n\n<ul class=\"wp-block-list\">\n<li>fournir un forum ouvert et transparent aux utilisateurs des progiciels de la soci\u00e9t\u00e9 DM Cultura ;<\/li>\n\n\n\n<li>promouvoir l\u2019\u00e9change d\u2019informations entre les institutions qui utilisent les progiciels de la soci\u00e9t\u00e9 DM Cultura gr\u00e2ce au partage de l\u2019information, de la documentation et des ressources des membres ;<\/li>\n\n\n\n<li>fournir un moyen de communication direct et officiel avec : la soci\u00e9t\u00e9 DM Cultura, d\u2019autres associations, les pouvoirs publics, tout autre organisme public, parapublic ou priv\u00e9 traitant de probl\u00e8mes li\u00e9s \u00e0 l\u2019utilisation desdits progiciels ;<\/li>\n\n\n\n<li>appuyer les demandes de d\u00e9veloppement des logiciels de DM Cultura r\u00e9pondant en particulier aux besoins des utilisateurs francophones.<\/li>\n<\/ul>\n\n\n\n<p>Ces buts seront atteints par les moyens suivants :<\/p>\n\n\n\n<ul class=\"wp-block-list\">\n<li>la tenue de r\u00e9unions ;<\/li>\n\n\n\n<li>la publication des travaux de ces r\u00e9unions ;<\/li>\n\n\n\n<li>la constitution de groupes de travail sur des sujets g\u00e9n\u00e9raux ou sp\u00e9cifiques, choisis par les membres de l\u2019association ;<\/li>\n\n\n\n<li>la mise en commun de moyens, d\u2019exp\u00e9rience et de savoir-faire.<\/li>\n<\/ul>\n\n\n\n<hr class=\"wp-block-separator has-alpha-channel-opacity is-style-wide\"\/>\n\n\n\n<h2 class=\"wp-block-heading\">Article 3 : Dur\u00e9e<\/h2>\n\n\n\n<p>La dur\u00e9e de l\u2019association est ind\u00e9termin\u00e9e.<\/p>\n\n\n\n<hr class=\"wp-block-separator has-alpha-channel-opacity is-style-wide\"\/>\n\n\n\n<h2 class=\"wp-block-heading\">Article 4 : Composition de l\u2019association<\/h2>\n\n\n\n<p>L\u2019association se compose de personnes morales utilisatrices d\u2019au moins un des progiciels de DM Cultura dans le cadre d\u2019une relation contractuelle avec la soci\u00e9t\u00e9 DM Cultura, ci-dessous d\u00e9nomm\u00e9es \u00ab\u00a0membres\u00a0\u00bb, \u00e0 jour de leur cotisation.<\/p>\n\n\n\n<hr class=\"wp-block-separator has-alpha-channel-opacity is-style-wide\"\/>\n\n\n\n<h2 class=\"wp-block-heading\">Article 5 : Perte de la qualit\u00e9 de membre<\/h2>\n\n\n\n<p>La qualit\u00e9 de membre se perd par :<\/p>\n\n\n\n<ol class=\"wp-block-list\">\n<li>la d\u00e9mission adress\u00e9e par \u00e9crit au pr\u00e9sident de l\u2019association,<\/li>\n\n\n\n<li>la cessation d\u2019utilisation, dans un cadre contractuel, de tout progiciel de la soci\u00e9t\u00e9 DM Cultura,<\/li>\n\n\n\n<li>la radiation pour non-paiement de la cotisation ou pour motif grave ou portant pr\u00e9judice aux int\u00e9r\u00eats moraux ou mat\u00e9riels de l\u2019association, appr\u00e9ci\u00e9 par le Conseil d\u2019administration. Le membre, repr\u00e9sent\u00e9 par un d\u00e9l\u00e9gu\u00e9, aura \u00e9t\u00e9 invit\u00e9 huit jours avant par lettre recommand\u00e9e \u00e0 se pr\u00e9senter devant le Conseil d\u2019administration pour fournir des explications. Le Conseil d\u2019administration prononcera le cas \u00e9ch\u00e9ant la radiation. Un rapport sera pr\u00e9sent\u00e9 \u00e0 l\u2019Assembl\u00e9e g\u00e9n\u00e9rale qui validera ou cassera la d\u00e9cision du Conseil d\u2019administration. Une radiation est toujours prononc\u00e9e lors de l\u2019Assembl\u00e9e g\u00e9n\u00e9rale.<\/li>\n<\/ol>\n\n\n\n<hr class=\"wp-block-separator has-alpha-channel-opacity is-style-wide\"\/>\n\n\n\n<h2 class=\"wp-block-heading\">Articles 6 : Ressources<\/h2>\n\n\n\n<p>Les ressources de l\u2019association comprennent :<\/p>\n\n\n\n<ol class=\"wp-block-list\">\n<li>les cotisations, dont le montant est fix\u00e9 par l\u2019Assembl\u00e9e g\u00e9n\u00e9rale ;<\/li>\n\n\n\n<li>les subventions de l\u2019Etat, des r\u00e9gions, des d\u00e9partements, des communes ou de tout autre organisme public ou priv\u00e9 ;<\/li>\n\n\n\n<li>toutes autres ressources autoris\u00e9es par les textes l\u00e9gislatifs ou r\u00e9glementaires.<\/li>\n<\/ol>\n\n\n\n<p>Un compte bancaire ou postal au nom de l\u2019association est tenu dans un \u00e9tablissement d\u00e9sign\u00e9 par le Bureau. L\u2019Assembl\u00e9e g\u00e9n\u00e9rale d\u00e9signe le pr\u00e9sident ou la pr\u00e9sidente et le tr\u00e9sorier ou la tr\u00e9sori\u00e8re de l\u2019association d\u00e9tenteurs de la signature. La comptabilit\u00e9 de l\u2019association est tenue conform\u00e9ment aux textes l\u00e9gislatifs en vigueur. Elle fait para\u00eetre annuellement un bilan d\u2019exercice.<\/p>\n\n\n\n<p>Ces comptes sont soumis \u00e0 v\u00e9rification par deux personnes \u00e9lues par l\u2019Assembl\u00e9e g\u00e9n\u00e9rale.<\/p>\n\n\n\n<hr class=\"wp-block-separator has-alpha-channel-opacity is-style-wide\"\/>\n\n\n\n<h2 class=\"wp-block-heading\">Article 7 : Conseil d\u2019administration<\/h2>\n\n\n\n<p>L\u2019association est dirig\u00e9e par un Conseil d\u2019administration compos\u00e9 au minimum de 4 membres, \u00e9lus chaque ann\u00e9e par l\u2019assembl\u00e9e g\u00e9n\u00e9rale. Deux modalit\u00e9s de vote sont possibles :<\/p>\n\n\n\n<ul class=\"wp-block-list\">\n<li>par correspondance dans les deux semaines pr\u00e9c\u00e9dant l\u2019Assembl\u00e9e g\u00e9n\u00e9rale ;<\/li>\n\n\n\n<li>par bulletin lors de la tenue de l\u2019Assembl\u00e9e g\u00e9n\u00e9rale.<\/li>\n<\/ul>\n\n\n\n<p>Chaque membre dispose d\u2019une seule voix, ind\u00e9pendamment du nombre de d\u00e9l\u00e9gu\u00e9s. Font exception \u00e0 cette r\u00e8gle les membres ayant adh\u00e9r\u00e9 au titre d\u2019un consortium dans le cadre d\u2019une adh\u00e9sion \u201csimple\u201d : seul l\u2019\u00e9tablissement porteur de l\u2019adh\u00e9sion dispose d\u2019une voix d\u00e9lib\u00e9rative \u00e0 l\u2019Assembl\u00e9e. Un membre peut donner procuration au repr\u00e9sentant d\u2019un autre \u00e9tablissement adh\u00e9rent. Chaque membre ne peut d\u00e9tenir plus de deux procurations. Le d\u00e9pouillement des votes et la proclamation des r\u00e9sultats ont lieu pendant l\u2019Assembl\u00e9e g\u00e9n\u00e9rale. Le conseil d\u2019administration \u00e9lit en son sein un Bureau compos\u00e9 au minimum d\u2019un pr\u00e9sident ou une pr\u00e9sidente, d\u2019un ou une secr\u00e9taire et d\u2019un tr\u00e9sorier ou une tr\u00e9sori\u00e8re. En cas de vacance, le Conseil pourvoit provisoirement au remplacement de ses membres jusqu\u2019\u00e0 la prochaine assembl\u00e9e g\u00e9n\u00e9rale. Les membres du Conseil d\u2019administration et du Bureau sont r\u00e9\u00e9ligibles.<\/p>\n\n\n\n<hr class=\"wp-block-separator has-alpha-channel-opacity is-style-wide\"\/>\n\n\n\n<h2 class=\"wp-block-heading\">Article 8 : Pouvoirs du Conseil d\u2019administration<\/h2>\n\n\n\n<p>Le Conseil d\u2019administration est investi des pouvoirs n\u00e9cessaires pour prendre toutes les d\u00e9cisions qui ne sont pas statutairement de la comp\u00e9tence de l\u2019Assembl\u00e9e g\u00e9n\u00e9rale. Il est charg\u00e9 de la mise en \u0153uvre des orientations d\u00e9cid\u00e9es par l\u2019Assembl\u00e9e g\u00e9n\u00e9rale, ainsi que de l\u2019ordre du jour de l\u2019Assembl\u00e9e g\u00e9n\u00e9rale, de la pr\u00e9paration des bilans et des propositions de modification du r\u00e8glement int\u00e9rieur ou des statuts. Il se prononce sur les admissions ou les exclusions des membres. Il peut confier des missions (formation, participation \u00e0 des groupes de travail\u2026) \u00e0 l\u2019un des membres de l\u2019association. Il rend compte de sa gestion lors de l\u2019Assembl\u00e9e g\u00e9n\u00e9rale.<\/p>\n\n\n\n<hr class=\"wp-block-separator has-alpha-channel-opacity is-style-wide\"\/>\n\n\n\n<h2 class=\"wp-block-heading\">Article 9 : Fonctionnement du bureau<\/h2>\n\n\n\n<p>Les membres du bureau se doivent d\u2019\u00eatre en contact \u00e9troit (e-mails, t\u00e9l\u00e9phone, r\u00e9unions, etc.) pour administrer au mieux l\u2019association. Les d\u00e9cisions prises par voie d\u2019e-mail ont autant de l\u00e9gitimit\u00e9 que les d\u00e9cisions prises lors de r\u00e9unions, physiques ou virtuelles.<\/p>\n\n\n\n<p>Les d\u00e9cisions sont prises \u00e0 la majorit\u00e9 des voix des membres du bureau. En cas de partage \u00e9gal des voix, la voix du pr\u00e9sident ou de la pr\u00e9sidente est pr\u00e9pond\u00e9rante.<\/p>\n\n\n\n<p>En cas de r\u00e9union (physique ou virtuelle), les membres du bureau sont convoqu\u00e9s par \u00e9crit (lettre ordinaire ou e-mail) par les soins du pr\u00e9sident ou de la pr\u00e9sidente, assist\u00e9 par le ou la secr\u00e9taire. Le bureau ne peut valablement d\u00e9lib\u00e9rer que si plus de la moiti\u00e9 de ses membres est simultan\u00e9ment pr\u00e9sente. Les r\u00e9unions sont pr\u00e9sid\u00e9es par le pr\u00e9sident ou la pr\u00e9sidente.<\/p>\n\n\n\n<hr class=\"wp-block-separator has-alpha-channel-opacity is-style-wide\"\/>\n\n\n\n<h2 class=\"wp-block-heading\">Article 10 : Pouvoirs du pr\u00e9sident<\/h2>\n\n\n\n<p>Le pr\u00e9sident ou la pr\u00e9sidente repr\u00e9sente l\u2019association dans tous les actes de la vie civile. Il ou elle a notamment qualit\u00e9 pour ester en justice au nom de l\u2019association. Il ou elle peut pour un acte pr\u00e9cis d\u00e9l\u00e9guer ce pouvoir \u00e0 un autre membre du Bureau.<\/p>\n\n\n\n<hr class=\"wp-block-separator has-alpha-channel-opacity is-style-wide\"\/>\n\n\n\n<h2 class=\"wp-block-heading\">Article 11 : Assembl\u00e9e g\u00e9n\u00e9rale<\/h2>\n\n\n\n<p>L\u2019Assembl\u00e9e g\u00e9n\u00e9rale comprend tous les membres de l\u2019association, en r\u00e8gle de cotisation. Le nombre de d\u00e9l\u00e9gu\u00e9s ou d\u00e9l\u00e9gu\u00e9es (personnes physiques pr\u00e9sentes lors de l\u2019Assembl\u00e9e) par membre est illimit\u00e9.<\/p>\n\n\n\n<p>L\u2019Assembl\u00e9e g\u00e9n\u00e9rale est seule comp\u00e9tente pour :<\/p>\n\n\n\n<ul class=\"wp-block-list\">\n<li>\u00e9lire, renouveler et r\u00e9voquer les membres du Conseil d\u2019administration ;<\/li>\n\n\n\n<li>modifier les statuts et prononcer la dissolution de l\u2019association ;<\/li>\n\n\n\n<li>contr\u00f4ler la gestion du Conseil d\u2019administration, la situation financi\u00e8re et morale de l\u2019association.<\/li>\n<\/ul>\n\n\n\n<hr class=\"wp-block-separator has-alpha-channel-opacity is-style-wide\"\/>\n\n\n\n<h2 class=\"wp-block-heading\">Article 12 : Fonctionnement de l\u2019Assembl\u00e9e g\u00e9n\u00e9rale<\/h2>\n\n\n\n<p>Elle se r\u00e9unit au moins une fois par an et chaque fois qu\u2019il est besoin, soit sur convocation du pr\u00e9sident ou de la pr\u00e9sidente, soit sur demande du tiers des membres de l\u2019association. Quinze jours au moins avant la date pr\u00e9vue, les membres de l\u2019association sont convoqu\u00e9s, par \u00e9crit, par les soins du pr\u00e9sident ou de la pr\u00e9sidente, avec l\u2019assistance pour cette t\u00e2che du ou de la secr\u00e9taire. L\u2019ordre du jour, \u00e9tabli par le Conseil d\u2019administration, est indiqu\u00e9 sur les convocations. Toute proposition de modification de l\u2019ordre du jour devra \u00eatre d\u00e9pos\u00e9e huit jours au moins avant la r\u00e9union et sera soumise \u00e0 l\u2019Assembl\u00e9e. Le pr\u00e9sident ou la pr\u00e9sidente, avec l\u2019assistance des membres du Conseil d\u2019administration, pr\u00e9side l\u2019Assembl\u00e9e et expose la situation morale de l\u2019association. Le tr\u00e9sorier ou la tr\u00e9sori\u00e8re rend compte de sa gestion et soumet le bilan annuel \u00e0 l\u2019approbation de l\u2019Assembl\u00e9e.<\/p>\n\n\n\n<p>L\u2019Assembl\u00e9e peut \u00eatre organis\u00e9e en pr\u00e9sentiel ou \u00e0 distance, par l\u2019entremise d\u2019une solution de t\u00e9l\u00e9conf\u00e9rence. Dans ce dernier cas, la solution technique mise en \u0153uvre doit au moins garantir le transport de la voix de l\u2019ensemble des personnes pr\u00e9sentes, membres du Conseil d\u2019administration et membres de l\u2019assistance confondus.<\/p>\n\n\n\n<p>Les d\u00e9cisions de l\u2019Assembl\u00e9e g\u00e9n\u00e9rale statuant \u00e0 titre ordinaire sont prises \u00e0 la majorit\u00e9 absolue des membres pr\u00e9sents ou repr\u00e9sent\u00e9s. Toutes les d\u00e9cisions ordinaires sont prises \u00e0 main lev\u00e9e ou par vote \u00e9lectronique, suivant les modalit\u00e9s d\u2019organisation de l\u2019Assembl\u00e9e. A la demande d\u2019un des membres, elles peuvent se prendre \u00e0 bulletin secret dans le cas d\u2019une Assembl\u00e9e r\u00e9unie en pr\u00e9sentiel, ou par vote \u00e9lectronique anonyme dans le cas d\u2019une Assembl\u00e9e organis\u00e9e par t\u00e9l\u00e9conf\u00e9rence.<\/p>\n\n\n\n<p>L\u2019Assembl\u00e9e g\u00e9n\u00e9rale ne peut valablement d\u00e9lib\u00e9rer que si un tiers au moins de ses membres est pr\u00e9sent ou repr\u00e9sent\u00e9. Si le quorum n\u2019est pas atteint, une nouvelle Assembl\u00e9e g\u00e9n\u00e9rale peut \u00eatre convoqu\u00e9e dans un d\u00e9lai de 15 jours minimum sans n\u00e9cessit\u00e9 de quorum, sauf si elle doit statuer sur la r\u00e9vocation d\u2019un ou des membres du Conseil d\u2019administration. Dans ce cas, l\u2019Assembl\u00e9e g\u00e9n\u00e9rale statuant \u00e0 titre extraordinaire ne peut valablement d\u00e9lib\u00e9rer que si la moiti\u00e9 de ses membres est pr\u00e9sente ou repr\u00e9sent\u00e9e et prend ses d\u00e9cisions \u00e0 la majorit\u00e9 qualifi\u00e9e des deux tiers des membres pr\u00e9sents ou repr\u00e9sent\u00e9s.<\/p>\n\n\n\n<hr class=\"wp-block-separator has-alpha-channel-opacity is-style-wide\"\/>\n\n\n\n<h2 class=\"wp-block-heading\">Article 13 : R\u00e8glement int\u00e9rieur<\/h2>\n\n\n\n<p>Un r\u00e8glement int\u00e9rieur peut \u00eatre \u00e9tabli par le Conseil d\u2019administration, qui le fait approuver par l\u2019Assembl\u00e9e g\u00e9n\u00e9rale. Ce r\u00e8glement int\u00e9rieur s\u2019impose \u00e0 tous les membres de l\u2019association. Ce r\u00e8glement \u00e9ventuel est destin\u00e9 \u00e0 fixer les modalit\u00e9s d\u2019ex\u00e9cution des pr\u00e9sents statuts et des activit\u00e9s de l\u2019association.<\/p>\n\n\n\n<hr class=\"wp-block-separator has-alpha-channel-opacity is-style-wide\"\/>\n\n\n\n<h2 class=\"wp-block-heading\">Article 14 : Dissolution<\/h2>\n\n\n\n<p>La dissolution peut \u00eatre prononc\u00e9e lors d\u2019une Assembl\u00e9e g\u00e9n\u00e9rale ordinaire. En cas de dissolution, \u00e0 prononcer par au moins les deux tiers des membres pr\u00e9sents ou repr\u00e9sent\u00e9s, l\u2019Assembl\u00e9e g\u00e9n\u00e9rale d\u00e9signe deux personnes charg\u00e9es de proc\u00e9der aux op\u00e9rations de liquidation. L\u2019actif net, s\u2019il y a lieu, est d\u00e9volu, par cette Assembl\u00e9e, \u00e0 une ou plusieurs associations r\u00e9gies par la loi du 1er juillet 1901 et le d\u00e9cret du 16 ao\u00fbt 1901 poursuivant des buts sim<\/p>\n\n\n\n<hr class=\"wp-block-separator has-alpha-channel-opacity is-style-wide\"\/>\n\n\n\n<h2 class=\"wp-block-heading\">Pour aller plus loin &gt;<\/h2>\n\n\n\n<div class=\"wp-block-uagb-container uagb-block-bbfd6193 alignfull uagb-is-root-container\"><div class=\"uagb-container-inner-blocks-wrap\">\n<div class=\"wp-block-uagb-container uagb-block-8bcb7af9\">\n<div class=\"wp-block-buttons is-layout-flex wp-block-buttons-is-layout-flex\">\n<div class=\"wp-block-button\"><a class=\"wp-block-button__link wp-element-button\" href=\"https:\/\/c-l-u-s.fr\/?page_id=2\">L&rsquo;association<\/a><\/div>\n<\/div>\n<\/div>\n\n\n\n<div class=\"wp-block-uagb-container uagb-block-721c8251\">\n<div class=\"wp-block-buttons is-layout-flex wp-block-buttons-is-layout-flex\">\n<div class=\"wp-block-button\"><a class=\"wp-block-button__link wp-element-button\" href=\"https:\/\/c-l-u-s.fr\/?page_id=322\">Documentation<\/a><\/div>\n<\/div>\n<\/div>\n\n\n\n<div class=\"wp-block-uagb-container uagb-block-ea0ce41e\">\n<div class=\"wp-block-buttons is-layout-flex wp-block-buttons-is-layout-flex\">\n<div class=\"wp-block-button\"><a class=\"wp-block-button__link wp-element-button\" href=\"https:\/\/c-l-u-s.fr\/?page_id=301\">Communication<\/a><\/div>\n<\/div>\n<\/div>\n<\/div><\/div>\n\n\n\n<p><\/p>\n","protected":false},"excerpt":{"rendered":"<p>Article 1er : Constitution et d\u00e9nomination Il est fond\u00e9 entre les adh\u00e9rents aux pr\u00e9sents statuts une association r\u00e9gie par la [&hellip;]<\/p>\n","protected":false},"author":1,"featured_media":0,"parent":0,"menu_order":0,"comment_status":"closed","ping_status":"closed","template":"","meta":{"_uag_custom_page_level_css":"","site-sidebar-layout":"default","site-content-layout":"","ast-site-content-layout":"default","site-content-style":"default","site-sidebar-style":"default","ast-global-header-display":"","ast-banner-title-visibility":"","ast-main-header-display":"","ast-hfb-above-header-display":"","ast-hfb-below-header-display":"","ast-hfb-mobile-header-display":"","site-post-title":"","ast-breadcrumbs-content":"","ast-featured-img":"","footer-sml-layout":"","theme-transparent-header-meta":"","adv-header-id-meta":"","stick-header-meta":"","header-above-stick-meta":"","header-main-stick-meta":"","header-below-stick-meta":"","astra-migrate-meta-layouts":"default","ast-page-background-enabled":"default","ast-page-background-meta":{"desktop":{"background-color":"var(--ast-global-color-5)","background-image":"","background-repeat":"repeat","background-position":"center center","background-size":"auto","background-attachment":"scroll","background-type":"","background-media":"","overlay-type":"","overlay-color":"","overlay-opacity":"","overlay-gradient":""},"tablet":{"background-color":"","background-image":"","background-repeat":"repeat","background-position":"center center","background-size":"auto","background-attachment":"scroll","background-type":"","background-media":"","overlay-type":"","overlay-color":"","overlay-opacity":"","overlay-gradient":""},"mobile":{"background-color":"","background-image":"","background-repeat":"repeat","background-position":"center center","background-size":"auto","background-attachment":"scroll","background-type":"","background-media":"","overlay-type":"","overlay-color":"","overlay-opacity":"","overlay-gradient":""}},"ast-content-background-meta":{"desktop":{"background-color":"var(--ast-global-color-4)","background-image":"","background-repeat":"repeat","background-position":"center center","background-size":"auto","background-attachment":"scroll","background-type":"","background-media":"","overlay-type":"","overlay-color":"","overlay-opacity":"","overlay-gradient":""},"tablet":{"background-color":"var(--ast-global-color-4)","background-image":"","background-repeat":"repeat","background-position":"center center","background-size":"auto","background-attachment":"scroll","background-type":"","background-media":"","overlay-type":"","overlay-color":"","overlay-opacity":"","overlay-gradient":""},"mobile":{"background-color":"var(--ast-global-color-4)","background-image":"","background-repeat":"repeat","background-position":"center center","background-size":"auto","background-attachment":"scroll","background-type":"","background-media":"","overlay-type":"","overlay-color":"","overlay-opacity":"","overlay-gradient":""}},"_themeisle_gutenberg_block_has_review":false,"footnotes":""},"class_list":["post-41","page","type-page","status-publish","hentry"],"uagb_featured_image_src":{"full":false,"thumbnail":false,"medium":false,"medium_large":false,"large":false,"1536x1536":false,"2048x2048":false},"uagb_author_info":{"display_name":"Christopher Oustlant","author_link":"https:\/\/c-l-u-s.fr\/?author=1"},"uagb_comment_info":0,"uagb_excerpt":"Article 1er : Constitution et d\u00e9nomination Il est fond\u00e9 entre les adh\u00e9rents aux pr\u00e9sents statuts une association r\u00e9gie par la [&hellip;]","jetpack_sharing_enabled":true,"_links":{"self":[{"href":"https:\/\/c-l-u-s.fr\/index.php?rest_route=\/wp\/v2\/pages\/41","targetHints":{"allow":["GET"]}}],"collection":[{"href":"https:\/\/c-l-u-s.fr\/index.php?rest_route=\/wp\/v2\/pages"}],"about":[{"href":"https:\/\/c-l-u-s.fr\/index.php?rest_route=\/wp\/v2\/types\/page"}],"author":[{"embeddable":true,"href":"https:\/\/c-l-u-s.fr\/index.php?rest_route=\/wp\/v2\/users\/1"}],"replies":[{"embeddable":true,"href":"https:\/\/c-l-u-s.fr\/index.php?rest_route=%2Fwp%2Fv2%2Fcomments&post=41"}],"version-history":[{"count":9,"href":"https:\/\/c-l-u-s.fr\/index.php?rest_route=\/wp\/v2\/pages\/41\/revisions"}],"predecessor-version":[{"id":444,"href":"https:\/\/c-l-u-s.fr\/index.php?rest_route=\/wp\/v2\/pages\/41\/revisions\/444"}],"wp:attachment":[{"href":"https:\/\/c-l-u-s.fr\/index.php?rest_route=%2Fwp%2Fv2%2Fmedia&parent=41"}],"curies":[{"name":"wp","href":"https:\/\/api.w.org\/{rel}","templated":true}]}}