{"id":2,"date":"2025-02-19T07:13:48","date_gmt":"2025-02-19T06:13:48","guid":{"rendered":"http:\/\/c-l-u-s.fr\/?page_id=2"},"modified":"2025-03-17T16:29:44","modified_gmt":"2025-03-17T15:29:44","slug":"page-d-exemple","status":"publish","type":"page","link":"https:\/\/c-l-u-s.fr\/?page_id=2","title":{"rendered":"L&rsquo;Association"},"content":{"rendered":"\n<p>L\u2019association Club Utilisateurs de Sebina (CLUS) est une association loi de 1901 qui regroupe des \u00e9tablissements utilisateurs francophones des progiciels de la soci\u00e9t\u00e9 dot beyond (ex <a href=\"https:\/\/www.dmcultura.it\/fr\/qui-nous-sommes\" target=\"_blank\" rel=\"noreferrer noopener\">DM Cultura<\/a>) ou g\u00e9r\u00e9s par elle.<\/p>\n\n\n\n<p>Cette association a pour objet de :<\/p>\n\n\n\n<ul class=\"wp-block-list\">\n<li>fournir un forum ouvert et transparent aux utilisateurs des progiciels de la soci\u00e9t\u00e9 dot beyond ;<\/li>\n\n\n\n<li>promouvoir l\u2019\u00e9change d\u2019informations entre les institutions qui utilisent les progiciels de la soci\u00e9t\u00e9 dot beyond gr\u00e2ce au partage de l\u2019information, de la documentation et des ressources des membres ;<\/li>\n\n\n\n<li>fournir un moyen de communication direct et officiel avec : la soci\u00e9t\u00e9 dot beyond, d\u2019autres associations, les pouvoirs publics, tout autre organisme public, parapublic ou priv\u00e9 traitant de probl\u00e8mes li\u00e9s \u00e0 l\u2019utilisation desdits progiciels ;<\/li>\n\n\n\n<li>appuyer les demandes de d\u00e9veloppement des logiciels de dot beyond r\u00e9pondant en particulier aux besoins des utilisateurs francophones.<\/li>\n<\/ul>\n\n\n\n<hr class=\"wp-block-separator has-alpha-channel-opacity is-style-wide\"\/>\n\n\n\n<h2 class=\"wp-block-heading\">Bureau<\/h2>\n\n\n\n<p> <strong>Christopher OUSTLANT &#8211; Pr\u00e9sident<\/strong><br><a href=\"https:\/\/bu.uphf.fr\/\" target=\"_blank\" rel=\"noreferrer noopener\">Universit\u00e9 Polytechnique Hauts-de-France<\/a><\/p>\n\n\n\n<p><strong>V\u00e9ronique PLAUT &#8211; Pr\u00e9sidente-Adjointe<\/strong><br><a href=\"https:\/\/bibliotheques.icp.fr\/opac\/.do\" target=\"_blank\" rel=\"noreferrer noopener\">Institut Catholique de Paris<\/a><\/p>\n\n\n\n<p><strong>Gaelle BAHEZRE &#8211; Secr\u00e9taire<\/strong><br><a href=\"https:\/\/bibliotheques.cnam.fr\/\">Conservatoire Nat<\/a><a href=\"https:\/\/bibliotheques.cnam.fr\/\" target=\"_blank\" rel=\"noreferrer noopener\">i<\/a><a href=\"https:\/\/bibliotheques.cnam.fr\/\">onal des Arts et M\u00e9tiers<\/a><\/p>\n\n\n\n<p><strong>Virginie LELONG &#8211; Secr\u00e9taire-Adjointe<\/strong><br><a href=\"https:\/\/portail-bu.inspe-lille-hdf.fr\/opac\/.do\" target=\"_blank\" rel=\"noreferrer noopener\">INSPE Lille Hauts-de-France<\/a><\/p>\n\n\n\n<p><strong>S\u00e9verine GRIERE &#8211; Tr\u00e9sori\u00e8re<\/strong><br><a href=\"https:\/\/bu.uphf.fr\/\" target=\"_blank\" rel=\"noreferrer noopener\">Universit\u00e9 Polytechnique Hauts-de-France<\/a><\/p>\n\n\n\n<p><strong>Cathy MATHIS-JAULIN &#8211; Tr\u00e9sori\u00e8re-Adjointe<\/strong><br><a href=\"https:\/\/bu.unistra.fr\/opac\/.do\" data-type=\"link\" data-id=\"https:\/\/bu.unistra.fr\/opac\/.do\" target=\"_blank\" rel=\"noreferrer noopener\"><a href=\"https:\/\/bu.unistra.fr\/\" target=\"_blank\" rel=\"noreferrer noopener\">Universit\u00e9 de Strasbourg<\/a><\/a><\/p>\n\n\n\n<hr class=\"wp-block-separator has-alpha-channel-opacity is-style-wide\"\/>\n\n\n\n<h2 class=\"wp-block-heading\">Statuts<\/h2>\n\n\n\n<p>Consultez les statuts de l&rsquo;association.<\/p>\n\n\n\n<div class=\"wp-block-buttons is-layout-flex wp-block-buttons-is-layout-flex\">\n<div class=\"wp-block-button\"><a class=\"wp-block-button__link wp-element-button\" href=\"https:\/\/c-l-u-s.fr\/?page_id=41\">Statuts de l&rsquo;association<\/a><\/div>\n<\/div>\n\n\n\n<hr class=\"wp-block-separator has-alpha-channel-opacity is-style-wide\"\/>\n\n\n\n<h2 class=\"wp-block-heading\">Adh\u00e9rents en 2025<\/h2>\n\n\n\n<ul class=\"wp-block-list\">\n<li><a href=\"https:\/\/www.lecolevancleefarpels.com\/fr\/fr\/la-bibliotheque-de-lecole1\" target=\"_blank\" rel=\"noreferrer noopener\">Biblioth\u00e8que de l&rsquo;\u00c9cole des Arts Joailliers<\/a><\/li>\n\n\n\n<li><a href=\"https:\/\/portail-bu.inspe-lille-hdf.fr\/\" target=\"_blank\" rel=\"noreferrer noopener\">Biblioth\u00e8ques de l&rsquo;INSP\u00c9 Lille Hauts-de-France<\/a><\/li>\n\n\n\n<li><a href=\"https:\/\/bibliotheques.icp.fr\/\" target=\"_blank\" rel=\"noreferrer noopener\">Biblioth\u00e8ques de l&rsquo;Institut Catholique de Paris<\/a><\/li>\n\n\n\n<li><a href=\"https:\/\/bu.ucly.fr\/\" target=\"_blank\" rel=\"noreferrer noopener\">Biblioth\u00e8ques de l&rsquo;Universit\u00e9 Catholique de Lyon<\/a><\/li>\n\n\n\n<li><a href=\"https:\/\/portail-bu.univ-artois.fr\/\" target=\"_blank\" rel=\"noreferrer noopener\">Biblioth\u00e8ques de l&rsquo;Universit\u00e9 d&rsquo;Artois<\/a><\/li>\n\n\n\n<li><a href=\"https:\/\/www.learning-center.uha.fr\/\" target=\"_blank\" rel=\"noreferrer noopener\">Biblioth\u00e8ques de l&rsquo;Universit\u00e9 de Haute-Alsace<\/a><\/li>\n\n\n\n<li><a href=\"https:\/\/bu.unc.nc\/\" target=\"_blank\" rel=\"noreferrer noopener\">Biblioth\u00e8ques de l&rsquo;Universit\u00e9 de la Nouvelle-Cal\u00e9donie<\/a><\/li>\n\n\n\n<li><a href=\"https:\/\/www.bu.u-picardie.fr\/\" target=\"_blank\" rel=\"noreferrer noopener\">Biblioth\u00e8ques de l&rsquo;Universit\u00e9 de Picardie Jules Verne<\/a><\/li>\n\n\n\n<li><a href=\"https:\/\/bu.unistra.fr\/\" target=\"_blank\" rel=\"noreferrer noopener\">Biblioth\u00e8ques de l&rsquo;Universit\u00e9 de Strasbourg<\/a><\/li>\n\n\n\n<li><a href=\"https:\/\/bu.uphf.fr\/\" target=\"_blank\" rel=\"noreferrer noopener\">Biblioth\u00e8ques de l&rsquo;Universit\u00e9 Polytechnique Hauts-de-France<\/a><\/li>\n\n\n\n<li><a href=\"https:\/\/bibliotheques.cnam.fr\/\" target=\"_blank\" rel=\"noreferrer noopener\">Biblioth\u00e8ques du Conservatoire National des Arts et M\u00e9tiers<\/a><\/li>\n\n\n\n<li><a href=\"https:\/\/biblio.bnu.fr\/\" target=\"_blank\" rel=\"noreferrer noopener\">Biblioth\u00e8que Nationale et Universitaire de Strasbourg<\/a><\/li>\n<\/ul>\n\n\n<div style=\"height:360pxpx;\" class=\"wp-block-themeisle-blocks-leaflet-map\" id=\"wp-block-themeisle-blocks-leaflet-map-dc85c3b0\"><\/div>\n<script type=\"text\/javascript\">\n\t\/* <![CDATA[ *\/\n\t\tif ( ! window.themeisleLeafletMaps ) window.themeisleLeafletMaps =[];\n\t\twindow.themeisleLeafletMaps.push( { container: \"wp-block-themeisle-blocks-leaflet-map-dc85c3b0\", attributes: {\"id\":\"wp-block-themeisle-blocks-leaflet-map-dc85c3b0\",\"location\":\"france\",\"latitude\":\"21.616579336740603\",\"longitude\":\"-104.765625\",\"bbox\":\"-315.70312500000006,-37.99616267972813,106.17187500000001,64.62387720204691\",\"zoom\":2,\"height\":\"360px\",\"markers\":[{\"id\":\"182d36e9-a478-4082-93fc-cf4b5ef5b1d0\",\"latitude\":50.32608034165477,\"longitude\":3.513860106468201,\"title\":\"UPHF\",\"description\":\"<p>Biblioth\\u00e8ques de l'Universit\\u00e9 Polytechnique Hauts-de-France<\\\/p>\"},{\"id\":\"4d8faee8-119a-4bbd-b9c5-b26738d72057\",\"latitude\":48.866592114398955,\"longitude\":2.354899048805237,\"title\":\"Cnam\",\"description\":\"<p>Biblioth\\u00e8ques du Conservatoire National des Arts et M\\u00e9tiers<\\\/p>\"},{\"id\":\"7d64ee75-e24c-428d-ab2c-84f4a257b7eb\",\"latitude\":48.84907565459782,\"longitude\":2.3298686742782597,\"title\":\"ICP\",\"description\":\"<p>Biblioth\\u00e8ques de l\\u2019Institut Catholique de Paris<\\\/p>\"},{\"id\":\"50e1d131-7fc1-4911-b2d6-277959b51b48\",\"latitude\":48.87204380115455,\"longitude\":2.3414075374603276,\"title\":\"\\u00c9cole des Arts Joailliers\",\"description\":\"<p>Biblioth\\u00e8ques de l\\u2019\\u00c9cole des Arts Joailliers<\\\/p>\"},{\"id\":\"349306f3-7116-4dc2-9a50-c4f5df5b42cd\",\"latitude\":50.640231632457805,\"longitude\":3.136087059974671,\"title\":\"INSP\\u00c9 Lille HdF\",\"description\":\"<p>Biblioth\\u00e8ques de l\\u2019INSP\\u00c9 Lille Hauts-de-France<\\\/p>\"},{\"id\":\"8c72237d-a652-494b-8292-eb394f2962a7\",\"latitude\":45.74749558169149,\"longitude\":4.82526183128357,\"title\":\"UCLY\",\"description\":\"<p>Biblioth\\u00e8ques de l\\u2019Universit\\u00e9 Catholique de Lyon<\\\/p>\"},{\"id\":\"4272476b-931c-4a68-824b-73343471e549\",\"latitude\":50.28259368057774,\"longitude\":2.7942878007888794,\"title\":\"Universit\\u00e9 d'Artois\",\"description\":\"<p>Biblioth\\u00e8ques de l\\u2019Universit\\u00e9 d\\u2019Artois<\\\/p>\"},{\"id\":\"4a8adfe4-e9c4-4427-8242-5d563773f825\",\"latitude\":47.73147263956074,\"longitude\":7.314051389694215,\"title\":\"UHA\",\"description\":\"<p>Biblioth\\u00e8ques de l\\u2019Universit\\u00e9 de Haute-Alsace<\\\/p>\"},{\"id\":\"5501fe81-c3f7-4358-9029-1afbea59e289\",\"latitude\":48.58152962691058,\"longitude\":7.766507863998414,\"title\":\"Unistra\",\"description\":\"<p>Biblioth\\u00e8ques de l\\u2019Universit\\u00e9 de Strasbourg<\\\/p>\"},{\"id\":\"856a05cf-657b-40bd-87f2-e4eeaf5f5e6e\",\"latitude\":48.587207468447566,\"longitude\":7.755720019340516,\"title\":\"BNU\",\"description\":\"<p>Biblioth\\u00e8ques Nationale et Universitaire de Strasbourg<\\\/p>\"},{\"id\":\"8b8e3087-e0bd-4311-9710-fccd5cb14b1c\",\"latitude\":49.896317308196934,\"longitude\":2.301072478294373,\"title\":\"UPJV\",\"description\":\"<p>Biblioth\\u00e8ques de l\\u2019Universit\\u00e9 de Picardie Jules Verne<\\\/p>\"},{\"id\":\"b17719b4-a493-4466-87d2-f114f996077d\",\"latitude\":-22.26282658557119,\"longitude\":-193.59509289264682,\"title\":\"BUNC\",\"description\":\"<p>Biblioth\\u00e8ques de l'Universit\\u00e9 de la Nouvelle-Cal\\u00e9donie<\\\/p>\"}],\"zoomControl\":true,\"draggable\":true,\"hasCustomCSS\":false,\"customCSS\":\"\",\"otterConditions\":[]} } );\n\t\/* ]]> *\/\n<\/script>\n\n\n\n<hr class=\"wp-block-separator has-alpha-channel-opacity is-style-wide\"\/>\n\n\n\n<h2 class=\"wp-block-heading\">Adh\u00e9sion<\/h2>\n\n\n\n<p>Pour devenir membre de l&rsquo;association <strong><em>Club utilisateurs de Sebina<\/em><\/strong>, il faut \u00eatre client de<strong> <em>dot beyond<\/em><\/strong> et s&rsquo;acquitter d&rsquo;une cotisation annuelle de 100 \u20ac par \u00e9tablissement.<\/p>\n\n\n\n<p>Pour de plus amples informations,&nbsp;n&rsquo;h\u00e9sitez pas \u00e0 nous contacter.<\/p>\n\n\n\n<div class=\"wp-block-buttons is-layout-flex wp-block-buttons-is-layout-flex\">\n<div class=\"wp-block-button\"><a class=\"wp-block-button__link wp-element-button\" href=\"https:\/\/c-l-u-s.fr\/?page_id=64\">Nous contacter<\/a><\/div>\n<\/div>\n\n\n\n<p>Vous pouvez aussi formuler une demande d&rsquo;adh\u00e9sion directement en remplissant le formulaire 2025.<\/p>\n\n\n\n<div class=\"wp-block-buttons is-layout-flex wp-block-buttons-is-layout-flex\">\n<div class=\"wp-block-button\"><a class=\"wp-block-button__link wp-element-button\" href=\"https:\/\/docs.google.com\/forms\/d\/e\/1FAIpQLSdZmlrWNfa4ok0o0N9zqCSc1ovv9W8hyj5bzF_ZHvzsTK-Bdw\/viewform\">Formulaire d&rsquo;ADh\u00e9sion<\/a><\/div>\n<\/div>\n\n\n\n<hr class=\"wp-block-separator has-alpha-channel-opacity is-style-wide\"\/>\n\n\n\n<h2 class=\"wp-block-heading\">Pour aller plus loin &gt;<\/h2>\n\n\n\n<div class=\"wp-block-uagb-container uagb-block-b3970e3c alignfull uagb-is-root-container\"><div class=\"uagb-container-inner-blocks-wrap\">\n<div class=\"wp-block-uagb-container uagb-block-fa769841\">\n<div class=\"wp-block-buttons is-layout-flex wp-block-buttons-is-layout-flex\">\n<div class=\"wp-block-button\"><a class=\"wp-block-button__link wp-element-button\" href=\"https:\/\/c-l-u-s.fr\/?page_id=41\">Statuts<\/a><\/div>\n<\/div>\n<\/div>\n\n\n\n<div class=\"wp-block-uagb-container uagb-block-74579fda\">\n<div class=\"wp-block-buttons is-layout-flex wp-block-buttons-is-layout-flex\">\n<div class=\"wp-block-button\"><a class=\"wp-block-button__link wp-element-button\" href=\"https:\/\/c-l-u-s.fr\/?page_id=301\">Communication<\/a><\/div>\n<\/div>\n<\/div>\n\n\n\n<div class=\"wp-block-uagb-container uagb-block-7f8285a8\">\n<div class=\"wp-block-buttons is-layout-flex wp-block-buttons-is-layout-flex\">\n<div class=\"wp-block-button\"><a class=\"wp-block-button__link wp-element-button\" href=\"https:\/\/c-l-u-s.fr\/?page_id=322\">Documentation<\/a><\/div>\n<\/div>\n<\/div>\n<\/div><\/div>\n\n\n\n<p><\/p>\n","protected":false},"excerpt":{"rendered":"<p>L\u2019association Club Utilisateurs de Sebina (CLUS) est une association loi de 1901 qui regroupe des \u00e9tablissements utilisateurs francophones des progiciels [&hellip;]<\/p>\n","protected":false},"author":1,"featured_media":0,"parent":0,"menu_order":0,"comment_status":"closed","ping_status":"open","template":"","meta":{"_uag_custom_page_level_css":"","site-sidebar-layout":"default","site-content-layout":"","ast-site-content-layout":"default","site-content-style":"default","site-sidebar-style":"default","ast-global-header-display":"","ast-banner-title-visibility":"","ast-main-header-display":"","ast-hfb-above-header-display":"","ast-hfb-below-header-display":"","ast-hfb-mobile-header-display":"","site-post-title":"","ast-breadcrumbs-content":"","ast-featured-img":"","footer-sml-layout":"","theme-transparent-header-meta":"","adv-header-id-meta":"","stick-header-meta":"","header-above-stick-meta":"","header-main-stick-meta":"","header-below-stick-meta":"","astra-migrate-meta-layouts":"default","ast-page-background-enabled":"default","ast-page-background-meta":{"desktop":{"background-color":"var(--ast-global-color-5)","background-image":"","background-repeat":"repeat","background-position":"center center","background-size":"auto","background-attachment":"scroll","background-type":"","background-media":"","overlay-type":"","overlay-color":"","overlay-opacity":"","overlay-gradient":""},"tablet":{"background-color":"","background-image":"","background-repeat":"repeat","background-position":"center center","background-size":"auto","background-attachment":"scroll","background-type":"","background-media":"","overlay-type":"","overlay-color":"","overlay-opacity":"","overlay-gradient":""},"mobile":{"background-color":"","background-image":"","background-repeat":"repeat","background-position":"center center","background-size":"auto","background-attachment":"scroll","background-type":"","background-media":"","overlay-type":"","overlay-color":"","overlay-opacity":"","overlay-gradient":""}},"ast-content-background-meta":{"desktop":{"background-color":"var(--ast-global-color-4)","background-image":"","background-repeat":"repeat","background-position":"center center","background-size":"auto","background-attachment":"scroll","background-type":"","background-media":"","overlay-type":"","overlay-color":"","overlay-opacity":"","overlay-gradient":""},"tablet":{"background-color":"var(--ast-global-color-4)","background-image":"","background-repeat":"repeat","background-position":"center center","background-size":"auto","background-attachment":"scroll","background-type":"","background-media":"","overlay-type":"","overlay-color":"","overlay-opacity":"","overlay-gradient":""},"mobile":{"background-color":"var(--ast-global-color-4)","background-image":"","background-repeat":"repeat","background-position":"center center","background-size":"auto","background-attachment":"scroll","background-type":"","background-media":"","overlay-type":"","overlay-color":"","overlay-opacity":"","overlay-gradient":""}},"_themeisle_gutenberg_block_has_review":false,"footnotes":""},"class_list":["post-2","page","type-page","status-publish","hentry"],"uagb_featured_image_src":{"full":false,"thumbnail":false,"medium":false,"medium_large":false,"large":false,"1536x1536":false,"2048x2048":false},"uagb_author_info":{"display_name":"Christopher Oustlant","author_link":"https:\/\/c-l-u-s.fr\/?author=1"},"uagb_comment_info":0,"uagb_excerpt":"L\u2019association Club Utilisateurs de Sebina (CLUS) est une association loi de 1901 qui regroupe des \u00e9tablissements utilisateurs francophones des progiciels [&hellip;]","jetpack_sharing_enabled":true,"_links":{"self":[{"href":"https:\/\/c-l-u-s.fr\/index.php?rest_route=\/wp\/v2\/pages\/2","targetHints":{"allow":["GET"]}}],"collection":[{"href":"https:\/\/c-l-u-s.fr\/index.php?rest_route=\/wp\/v2\/pages"}],"about":[{"href":"https:\/\/c-l-u-s.fr\/index.php?rest_route=\/wp\/v2\/types\/page"}],"author":[{"embeddable":true,"href":"https:\/\/c-l-u-s.fr\/index.php?rest_route=\/wp\/v2\/users\/1"}],"replies":[{"embeddable":true,"href":"https:\/\/c-l-u-s.fr\/index.php?rest_route=%2Fwp%2Fv2%2Fcomments&post=2"}],"version-history":[{"count":48,"href":"https:\/\/c-l-u-s.fr\/index.php?rest_route=\/wp\/v2\/pages\/2\/revisions"}],"predecessor-version":[{"id":493,"href":"https:\/\/c-l-u-s.fr\/index.php?rest_route=\/wp\/v2\/pages\/2\/revisions\/493"}],"wp:attachment":[{"href":"https:\/\/c-l-u-s.fr\/index.php?rest_route=%2Fwp%2Fv2%2Fmedia&parent=2"}],"curies":[{"name":"wp","href":"https:\/\/api.w.org\/{rel}","templated":true}]}}