{"id":110,"date":"2019-11-26T12:22:54","date_gmt":"2019-11-26T12:22:54","guid":{"rendered":"https:\/\/demosites.io\/blogger-gb\/?page_id=5"},"modified":"2025-03-18T14:38:14","modified_gmt":"2025-03-18T13:38:14","slug":"582c1-blogger-gb-home","status":"publish","type":"page","link":"https:\/\/c-l-u-s.fr\/","title":{"rendered":"Home"},"content":{"rendered":"\n<div style=\"height:100px\" aria-hidden=\"true\" class=\"wp-block-spacer\"><\/div>\n\n\n\n<div id=\"wp-block-themeisle-blocks-advanced-columns-c3f20d16\" class=\"wp-block-themeisle-blocks-advanced-columns has-2-columns has-desktop-equal-layout has-tablet-equal-layout has-mobile-collapsedRows-layout has-vertical-unset\"><div class=\"wp-block-themeisle-blocks-advanced-columns-overlay\"><\/div><div class=\"innerblocks-wrap\">\n<div id=\"wp-block-themeisle-blocks-advanced-column-456fa159\" class=\"wp-block-themeisle-blocks-advanced-column\">\n<h2 class=\"wp-block-heading\">LE CLUS<\/h2>\n\n\n\n<p>Cr\u00e9\u00e9e en 2024, l\u2019association Club Utilisateurs de Sebina (CLUS) est une association loi de 1901 qui regroupe des \u00e9tablissements utilisateurs francophones des progiciels de la soci\u00e9t\u00e9 dot beyond (ex&nbsp;DM Cultura) ou g\u00e9r\u00e9s par elle.<\/p>\n\n\n\n<div class=\"wp-block-buttons is-layout-flex wp-block-buttons-is-layout-flex\">\n<div class=\"wp-block-button\"><a class=\"wp-block-button__link has-text-align-center wp-element-button\" href=\"https:\/\/c-l-u-s.fr\/?page_id=2\">L&rsquo;association<\/a><\/div>\n<\/div>\n<\/div>\n\n\n\n<div id=\"wp-block-themeisle-blocks-advanced-column-8383dbaa\" class=\"wp-block-themeisle-blocks-advanced-column\">\n<figure class=\"wp-block-image size-large\"><img loading=\"lazy\" decoding=\"async\" width=\"1024\" height=\"524\" src=\"https:\/\/c-l-u-s.fr\/wp-content\/uploads\/2025\/02\/Bandeau-CLUS-1-1024x524.png\" alt=\"CLUS\" class=\"wp-image-132\" srcset=\"https:\/\/c-l-u-s.fr\/wp-content\/uploads\/2025\/02\/Bandeau-CLUS-1-1024x524.png 1024w, https:\/\/c-l-u-s.fr\/wp-content\/uploads\/2025\/02\/Bandeau-CLUS-1-300x153.png 300w, https:\/\/c-l-u-s.fr\/wp-content\/uploads\/2025\/02\/Bandeau-CLUS-1-768x393.png 768w, https:\/\/c-l-u-s.fr\/wp-content\/uploads\/2025\/02\/Bandeau-CLUS-1-228x116.png 228w, https:\/\/c-l-u-s.fr\/wp-content\/uploads\/2025\/02\/Bandeau-CLUS-1.png 1036w\" sizes=\"auto, (max-width: 1024px) 100vw, 1024px\" \/><\/figure>\n<\/div>\n<\/div><\/div>\n\n\n\n<div style=\"height:20px\" aria-hidden=\"true\" class=\"wp-block-spacer\"><\/div>\n\n\n\n<hr class=\"wp-block-separator has-alpha-channel-opacity is-style-wide\" style=\"margin-top:4rem;margin-bottom:4rem\"\/>\n\n\n\n<h2 class=\"wp-block-heading\">ACTUALIT\u00c9S<\/h2>\n\n\n\n<div style=\"height:20px\" aria-hidden=\"true\" class=\"wp-block-spacer\"><\/div>\n\n\n\n\t\t\t<div class=\"wp-block-uagb-post-carousel uagb-post-grid  uagb-post__image-position-top uagb-post__image-enabled uagb-block-69c89659     uagb-post__arrow-outside uagb-slick-carousel uagb-post__items uagb-post__columns-3 is-carousel uagb-post__columns-tablet-2 uagb-post__columns-mobile-1 uagb-post__carousel_equal-height\" data-total=\"1\" style=\"\">\n\n\t\t\t\t\t\t\t\t\t\t\t\t<article class=\"uagb-post__inner-wrap\">\t\t\t\t\t\t\t\t<div class='uagb-post__image'>\n\t\t\t\t\t\t\t\t\t<a href=\"https:\/\/c-l-u-s.fr\/?p=529\" target=\"_self\" rel=\"bookmark noopener noreferrer\"><img loading=\"lazy\" decoding=\"async\" width=\"1080\" height=\"810\" src=\"https:\/\/c-l-u-s.fr\/wp-content\/uploads\/2025\/12\/B1ehk7CBz.jpeg\" class=\"attachment-full size-full\" alt=\"BU de l&#039;Universit\u00e9 Polytechnique Hauts-de-France\" srcset=\"https:\/\/c-l-u-s.fr\/wp-content\/uploads\/2025\/12\/B1ehk7CBz.jpeg 1080w, https:\/\/c-l-u-s.fr\/wp-content\/uploads\/2025\/12\/B1ehk7CBz-300x225.jpeg 300w, https:\/\/c-l-u-s.fr\/wp-content\/uploads\/2025\/12\/B1ehk7CBz-1024x768.jpeg 1024w, https:\/\/c-l-u-s.fr\/wp-content\/uploads\/2025\/12\/B1ehk7CBz-768x576.jpeg 768w\" sizes=\"auto, (max-width: 1080px) 100vw, 1080px\" \/>\t\t\t\t\t<\/a>\n\t\t\t\t\t\t\t\t\t<\/div>\n\t\t\t\t\t\t<h4 class=\"uagb-post__title uagb-post__text\">\n\t\t\t\t<a href=\"https:\/\/c-l-u-s.fr\/?p=529\" target=\"_self\" rel=\"bookmark noopener noreferrer\">Assembl\u00e9e g\u00e9n\u00e9rale du 10\/03\/2026 \u00e0 l&rsquo;UPHF<\/a>\n\t\t\t<\/h4>\n\t\t\t\t\t\t<div class='uagb-post__text uagb-post-grid-byline'>\n\t\t\t\t\t\t\t\t<time datetime=\"2025-12-16T14:11:27+01:00\" class=\"uagb-post__date\">\n\t\t\t\t\t\t\t\t\t16\/12\/2025\t\t\t\t<\/time>\n\t\t\t\t\t\t<\/div>\n\t\t\t\t\t\t\t<div class='uagb-post__text uagb-post__excerpt'>\n\t\t\t\t\t<p>Photographie : \u00a9 Droits r\u00e9serv\u00e9s &#8211;\u00a0BU de l&rsquo;Universit\u00e9 Polytechnique Hauts-de-France Le 10&#8230;\t\t\t\t<\/div>\n\t\t\t\t\t\t<div class=\"uagb-post__text uagb-post__cta wp-block-button\">\n\t\t\t\t<a class=\"wp-block-button__link uagb-text-link\" style=\"\" href=\"https:\/\/c-l-u-s.fr\/?p=529\" target=\"_self\" rel=\"bookmark noopener noreferrer\">Lire la suite<\/a>\n\t\t\t<\/div>\n\t\t\t\n\t\t\t\t\t\t\t\t\t<\/article>\n\t\t\t\t\t\t\t\t\t\t\t\t\t\t\t\t<article class=\"uagb-post__inner-wrap\">\t\t\t\t\t\t\t\t<div class='uagb-post__image'>\n\t\t\t\t\t\t\t\t\t<a href=\"https:\/\/c-l-u-s.fr\/?p=164\" target=\"_self\" rel=\"bookmark noopener noreferrer\"><img loading=\"lazy\" decoding=\"async\" width=\"1920\" height=\"1000\" src=\"https:\/\/c-l-u-s.fr\/wp-content\/uploads\/2025\/02\/Bibliotheque-de-Mercy-Argenteau-LEcole-des-Arts-Joailliers.avif\" class=\"attachment-full size-full\" alt=\"\" \/>\t\t\t\t\t<\/a>\n\t\t\t\t\t\t\t\t\t<\/div>\n\t\t\t\t\t\t<h4 class=\"uagb-post__title uagb-post__text\">\n\t\t\t\t<a href=\"https:\/\/c-l-u-s.fr\/?p=164\" target=\"_self\" rel=\"bookmark noopener noreferrer\">Biblioth\u00e8que de l&rsquo;\u00c9cole des Arts Joailliers \u2013 Van Cleef &amp; Arpels<\/a>\n\t\t\t<\/h4>\n\t\t\t\t\t\t<div class='uagb-post__text uagb-post-grid-byline'>\n\t\t\t\t\t\t\t\t<time datetime=\"2025-02-10T09:00:00+01:00\" class=\"uagb-post__date\">\n\t\t\t\t\t\t\t\t\t10\/02\/2025\t\t\t\t<\/time>\n\t\t\t\t\t\t<\/div>\n\t\t\t\t\t\t\t<div class='uagb-post__text uagb-post__excerpt'>\n\t\t\t\t\t<p>La biblioth\u00e8que de l&rsquo;\u00c9cole des Arts Joailliers rejoint le CLUS. Cr\u00e9dits Photographie&#8230;\t\t\t\t<\/div>\n\t\t\t\t\t\t<div class=\"uagb-post__text uagb-post__cta wp-block-button\">\n\t\t\t\t<a class=\"wp-block-button__link uagb-text-link\" style=\"\" href=\"https:\/\/c-l-u-s.fr\/?p=164\" target=\"_self\" rel=\"bookmark noopener noreferrer\">Lire la suite<\/a>\n\t\t\t<\/div>\n\t\t\t\n\t\t\t\t\t\t\t\t\t<\/article>\n\t\t\t\t\t\t\t\t\t\t\t\t\t\t\t\t<article class=\"uagb-post__inner-wrap\">\t\t\t\t\t\t\t\t<div class='uagb-post__image'>\n\t\t\t\t\t\t\t\t\t<a href=\"https:\/\/c-l-u-s.fr\/?p=158\" target=\"_self\" rel=\"bookmark noopener noreferrer\"><img loading=\"lazy\" decoding=\"async\" width=\"768\" height=\"512\" src=\"https:\/\/c-l-u-s.fr\/wp-content\/uploads\/2025\/02\/BUAmiens.jpg\" class=\"attachment-full size-full\" alt=\"\" srcset=\"https:\/\/c-l-u-s.fr\/wp-content\/uploads\/2025\/02\/BUAmiens.jpg 768w, https:\/\/c-l-u-s.fr\/wp-content\/uploads\/2025\/02\/BUAmiens-300x200.jpg 300w\" sizes=\"auto, (max-width: 768px) 100vw, 768px\" \/>\t\t\t\t\t<\/a>\n\t\t\t\t\t\t\t\t\t<\/div>\n\t\t\t\t\t\t<h4 class=\"uagb-post__title uagb-post__text\">\n\t\t\t\t<a href=\"https:\/\/c-l-u-s.fr\/?p=158\" target=\"_self\" rel=\"bookmark noopener noreferrer\">Biblioth\u00e8que de Universit\u00e9 de Picardie Jules Verne | UPJV<\/a>\n\t\t\t<\/h4>\n\t\t\t\t\t\t<div class='uagb-post__text uagb-post-grid-byline'>\n\t\t\t\t\t\t\t\t<time datetime=\"2025-02-10T08:48:00+01:00\" class=\"uagb-post__date\">\n\t\t\t\t\t\t\t\t\t10\/02\/2025\t\t\t\t<\/time>\n\t\t\t\t\t\t<\/div>\n\t\t\t\t\t\t\t<div class='uagb-post__text uagb-post__excerpt'>\n\t\t\t\t\t<p>La biblioth\u00e8que de l&rsquo;Universit\u00e9 de Picardie Jules Verne rejoint le CLUS. Cr\u00e9dits&#8230;\t\t\t\t<\/div>\n\t\t\t\t\t\t<div class=\"uagb-post__text uagb-post__cta wp-block-button\">\n\t\t\t\t<a class=\"wp-block-button__link uagb-text-link\" style=\"\" href=\"https:\/\/c-l-u-s.fr\/?p=158\" target=\"_self\" rel=\"bookmark noopener noreferrer\">Lire la suite<\/a>\n\t\t\t<\/div>\n\t\t\t\n\t\t\t\t\t\t\t\t\t<\/article>\n\t\t\t\t\t\t\t\t\t\t\t\t\t\t\t\t<article class=\"uagb-post__inner-wrap\">\t\t\t\t\t\t\t\t<div class='uagb-post__image'>\n\t\t\t\t\t\t\t\t\t<a href=\"https:\/\/c-l-u-s.fr\/?p=55\" target=\"_self\" rel=\"bookmark noopener noreferrer\"><img loading=\"lazy\" decoding=\"async\" width=\"600\" height=\"450\" src=\"https:\/\/c-l-u-s.fr\/wp-content\/uploads\/2025\/02\/Bib-centrale.jpg\" class=\"attachment-full size-full\" alt=\"Biblioth\u00e8que centrale Cnam\" srcset=\"https:\/\/c-l-u-s.fr\/wp-content\/uploads\/2025\/02\/Bib-centrale.jpg 600w, https:\/\/c-l-u-s.fr\/wp-content\/uploads\/2025\/02\/Bib-centrale-300x225.jpg 300w, https:\/\/c-l-u-s.fr\/wp-content\/uploads\/2025\/02\/Bib-centrale-155x116.jpg 155w\" sizes=\"auto, (max-width: 600px) 100vw, 600px\" \/>\t\t\t\t\t<\/a>\n\t\t\t\t\t\t\t\t\t<\/div>\n\t\t\t\t\t\t<h4 class=\"uagb-post__title uagb-post__text\">\n\t\t\t\t<a href=\"https:\/\/c-l-u-s.fr\/?p=55\" target=\"_self\" rel=\"bookmark noopener noreferrer\">Assembl\u00e9e g\u00e9n\u00e9rale du 07\/02\/2025 au Cnam<\/a>\n\t\t\t<\/h4>\n\t\t\t\t\t\t<div class='uagb-post__text uagb-post-grid-byline'>\n\t\t\t\t\t\t\t\t<time datetime=\"2025-02-07T17:48:00+01:00\" class=\"uagb-post__date\">\n\t\t\t\t\t\t\t\t\t07\/02\/2025\t\t\t\t<\/time>\n\t\t\t\t\t\t<\/div>\n\t\t\t\t\t\t\t<div class='uagb-post__text uagb-post__excerpt'>\n\t\t\t\t\t<p>Photographie : \u00a9 Droits r\u00e9serv\u00e9s &#8211;\u00a0Biblioth\u00e8que du Conservatoire National des Arts et&#8230;\t\t\t\t<\/div>\n\t\t\t\t\t\t<div class=\"uagb-post__text uagb-post__cta wp-block-button\">\n\t\t\t\t<a class=\"wp-block-button__link uagb-text-link\" style=\"\" href=\"https:\/\/c-l-u-s.fr\/?p=55\" target=\"_self\" rel=\"bookmark noopener noreferrer\">Lire la suite<\/a>\n\t\t\t<\/div>\n\t\t\t\n\t\t\t\t\t\t\t\t\t<\/article>\n\t\t\t\t\t\t\t\t\t\t\t<\/div>\n\t\t\t\n\n\n<div class=\"wp-block-buttons is-layout-flex wp-block-buttons-is-layout-flex\">\n<div class=\"wp-block-button\"><a class=\"wp-block-button__link wp-element-button\" href=\"https:\/\/c-l-u-s.fr\/?page_id=109\">Toutes les actualit\u00e9s<\/a><\/div>\n<\/div>\n\n\n\n<div style=\"height:20px\" aria-hidden=\"true\" class=\"wp-block-spacer\"><\/div>\n\n\n\n<hr class=\"wp-block-separator has-alpha-channel-opacity is-style-wide\"\/>\n\n\n<form role=\"search\" method=\"get\" action=\"https:\/\/c-l-u-s.fr\/\" style=\"margin-top:var(--wp--preset--spacing--80);margin-bottom:var(--wp--preset--spacing--80);\" class=\"wp-block-search__button-outside wp-block-search__text-button wp-block-search\"    ><label class=\"wp-block-search__label screen-reader-text\" for=\"wp-block-search__input-1\" >Rechercher<\/label><div class=\"wp-block-search__inside-wrapper\"  style=\"width: 100%\"><input class=\"wp-block-search__input has-medium-font-size\" id=\"wp-block-search__input-1\" placeholder=\"Rechercher sur le site\" value=\"\" type=\"search\" name=\"s\" required \/><button aria-label=\"Rechercher\" class=\"wp-block-search__button has-medium-font-size wp-element-button\" type=\"submit\" >Rechercher<\/button><\/div><\/form>","protected":false},"excerpt":{"rendered":"<p>ACTUALIT\u00c9S<\/p>\n","protected":false},"author":1,"featured_media":0,"parent":0,"menu_order":0,"comment_status":"closed","ping_status":"closed","template":"page-templates\/template-pagebuilder-full-width.php","meta":{"_uag_custom_page_level_css":"","site-sidebar-layout":"default","site-content-layout":"","ast-site-content-layout":"","site-content-style":"default","site-sidebar-style":"default","ast-global-header-display":"","ast-banner-title-visibility":"","ast-main-header-display":"","ast-hfb-above-header-display":"","ast-hfb-below-header-display":"","ast-hfb-mobile-header-display":"","site-post-title":"disabled","ast-breadcrumbs-content":"","ast-featured-img":"","footer-sml-layout":"","theme-transparent-header-meta":"","adv-header-id-meta":"","stick-header-meta":"","header-above-stick-meta":"","header-main-stick-meta":"","header-below-stick-meta":"","astra-migrate-meta-layouts":"default","ast-page-background-enabled":"default","ast-page-background-meta":{"desktop":{"background-color":"var(--ast-global-color-5)","background-image":"","background-repeat":"repeat","background-position":"center center","background-size":"auto","background-attachment":"scroll","background-type":"","background-media":"","overlay-type":"","overlay-color":"","overlay-opacity":"","overlay-gradient":""},"tablet":{"background-color":"","background-image":"","background-repeat":"repeat","background-position":"center center","background-size":"auto","background-attachment":"scroll","background-type":"","background-media":"","overlay-type":"","overlay-color":"","overlay-opacity":"","overlay-gradient":""},"mobile":{"background-color":"","background-image":"","background-repeat":"repeat","background-position":"center center","background-size":"auto","background-attachment":"scroll","background-type":"","background-media":"","overlay-type":"","overlay-color":"","overlay-opacity":"","overlay-gradient":""}},"ast-content-background-meta":{"desktop":{"background-color":"var(--ast-global-color-4)","background-image":"","background-repeat":"repeat","background-position":"center center","background-size":"auto","background-attachment":"scroll","background-type":"","background-media":"","overlay-type":"","overlay-color":"","overlay-opacity":"","overlay-gradient":""},"tablet":{"background-color":"var(--ast-global-color-4)","background-image":"","background-repeat":"repeat","background-position":"center center","background-size":"auto","background-attachment":"scroll","background-type":"","background-media":"","overlay-type":"","overlay-color":"","overlay-opacity":"","overlay-gradient":""},"mobile":{"background-color":"var(--ast-global-color-4)","background-image":"","background-repeat":"repeat","background-position":"center center","background-size":"auto","background-attachment":"scroll","background-type":"","background-media":"","overlay-type":"","overlay-color":"","overlay-opacity":"","overlay-gradient":""}},"_themeisle_gutenberg_block_has_review":false,"footnotes":""},"class_list":["post-110","page","type-page","status-publish","hentry"],"uagb_featured_image_src":{"full":false,"thumbnail":false,"medium":false,"medium_large":false,"large":false,"1536x1536":false,"2048x2048":false},"uagb_author_info":{"display_name":"Christopher Oustlant","author_link":"https:\/\/c-l-u-s.fr\/?author=1"},"uagb_comment_info":0,"uagb_excerpt":"ACTUALIT\u00c9S","jetpack_sharing_enabled":true,"_links":{"self":[{"href":"https:\/\/c-l-u-s.fr\/index.php?rest_route=\/wp\/v2\/pages\/110","targetHints":{"allow":["GET"]}}],"collection":[{"href":"https:\/\/c-l-u-s.fr\/index.php?rest_route=\/wp\/v2\/pages"}],"about":[{"href":"https:\/\/c-l-u-s.fr\/index.php?rest_route=\/wp\/v2\/types\/page"}],"author":[{"embeddable":true,"href":"https:\/\/c-l-u-s.fr\/index.php?rest_route=\/wp\/v2\/users\/1"}],"replies":[{"embeddable":true,"href":"https:\/\/c-l-u-s.fr\/index.php?rest_route=%2Fwp%2Fv2%2Fcomments&post=110"}],"version-history":[{"count":36,"href":"https:\/\/c-l-u-s.fr\/index.php?rest_route=\/wp\/v2\/pages\/110\/revisions"}],"predecessor-version":[{"id":504,"href":"https:\/\/c-l-u-s.fr\/index.php?rest_route=\/wp\/v2\/pages\/110\/revisions\/504"}],"wp:attachment":[{"href":"https:\/\/c-l-u-s.fr\/index.php?rest_route=%2Fwp%2Fv2%2Fmedia&parent=110"}],"curies":[{"name":"wp","href":"https:\/\/api.w.org\/{rel}","templated":true}]}}